{"id":18,"date":"2021-05-04T10:56:24","date_gmt":"2021-05-04T08:56:24","guid":{"rendered":"https:\/\/shop.arconda.ag\/index.php\/impressum\/"},"modified":"2022-06-07T13:26:43","modified_gmt":"2022-06-07T11:26:43","slug":"impressum","status":"publish","type":"page","link":"https:\/\/www.ipcom-gmbh.de\/index.php\/impressum\/","title":{"rendered":"Impressum"},"content":{"rendered":"\n<p><strong>IPCOM Kommunikationstechnik GmbH<\/strong><br>Hauptstra\u00dfe 2<br>27419 Vierden<\/p>\n\n\n\n<p>Gesch\u00e4ftsf\u00fchrung: Constantin Espenhain<\/p>\n\n\n\n<p>Telefon: +49 428295891-0<\/p>\n\n\n\n<p><strong>USt.-Identifikationsnummer:<\/strong> DE291237009<\/p>\n\n\n<div class=\"woocommerce woocommerce-gzd woocommerce-gzd-complaints-shortcode\">\n\t\t\t<h3>Alternative Streitbeilegung gem\u00e4\u00df Art. 14 Abs. 1 ODR-VO und \u00a7 36 VSBG:<\/h3>\n\t\nZur Teilnahme an einem Streitbeilegungsverfahren vor einer Verbraucherschlichtungsstelle sind wir nicht verpflichtet und nicht bereit.<\/div>\n\n\n<p><\/p>\n","protected":false},"excerpt":{"rendered":"<p>IPCOM Kommunikationstechnik GmbHHauptstra\u00dfe 227419 Vierden Gesch\u00e4ftsf\u00fchrung: Constantin Espenhain Telefon: +49 428295891-0 USt.-Identifikationsnummer: DE291237009<\/p>\n","protected":false},"author":1,"featured_media":0,"parent":0,"menu_order":0,"comment_status":"closed","ping_status":"closed","template":"","meta":{"footnotes":""},"class_list":["post-18","page","type-page","status-publish","hentry"],"_links":{"self":[{"href":"https:\/\/www.ipcom-gmbh.de\/index.php\/wp-json\/wp\/v2\/pages\/18","targetHints":{"allow":["GET"]}}],"collection":[{"href":"https:\/\/www.ipcom-gmbh.de\/index.php\/wp-json\/wp\/v2\/pages"}],"about":[{"href":"https:\/\/www.ipcom-gmbh.de\/index.php\/wp-json\/wp\/v2\/types\/page"}],"author":[{"embeddable":true,"href":"https:\/\/www.ipcom-gmbh.de\/index.php\/wp-json\/wp\/v2\/users\/1"}],"replies":[{"embeddable":true,"href":"https:\/\/www.ipcom-gmbh.de\/index.php\/wp-json\/wp\/v2\/comments?post=18"}],"version-history":[{"count":9,"href":"https:\/\/www.ipcom-gmbh.de\/index.php\/wp-json\/wp\/v2\/pages\/18\/revisions"}],"predecessor-version":[{"id":2307,"href":"https:\/\/www.ipcom-gmbh.de\/index.php\/wp-json\/wp\/v2\/pages\/18\/revisions\/2307"}],"wp:attachment":[{"href":"https:\/\/www.ipcom-gmbh.de\/index.php\/wp-json\/wp\/v2\/media?parent=18"}],"curies":[{"name":"wp","href":"https:\/\/api.w.org\/{rel}","templated":true}]}}