{"id":2914,"date":"2022-11-30T13:17:33","date_gmt":"2022-11-30T12:17:33","guid":{"rendered":"https:\/\/objective-gates.193-32-221-5.plesk.page\/?page_id=2914"},"modified":"2023-08-17T12:02:45","modified_gmt":"2023-08-17T10:02:45","slug":"ueber-uns","status":"publish","type":"page","link":"https:\/\/www.ipcom-gmbh.de\/index.php\/ueber-uns\/","title":{"rendered":"\u00dcber uns"},"content":{"rendered":"\n<p>Wir sind IT-Dienstleister f\u00fcr Kommunikationsl\u00f6sungen und B2B-Shop f\u00fcr professionelles IT-Equipment.<br><br>Mit \u00fcber 20 Jahren Erfahrung im Vertrieb hochwertiger Hardware aus den Bereichen IT, Netzwerk und Kommunikation sind Gewerbetreibende, Beh\u00f6rden und Freiberufler bei uns an richtigen Adresse.+<\/p>\n\n\n\n<p>Wir sind zertifizierter Yealink-Partner<\/p>\n\n\n\n<p>Wir sind 3CX-Platinum Partner <\/p>\n\n\n\n<figure class=\"wp-block-image size-full is-resized\"><img loading=\"lazy\" decoding=\"async\" src=\"https:\/\/www.ipcom-gmbh.de\/wp-content\/uploads\/3CX-partner-badge-platinum-1.png\" alt=\"\" class=\"wp-image-3858\" style=\"width:150px;height:150px\" width=\"150\" height=\"150\" srcset=\"https:\/\/www.ipcom-gmbh.de\/wp-content\/uploads\/3CX-partner-badge-platinum-1.png 400w, https:\/\/www.ipcom-gmbh.de\/wp-content\/uploads\/3CX-partner-badge-platinum-1-300x300.png 300w, https:\/\/www.ipcom-gmbh.de\/wp-content\/uploads\/3CX-partner-badge-platinum-1-150x150.png 150w, https:\/\/www.ipcom-gmbh.de\/wp-content\/uploads\/3CX-partner-badge-platinum-1-324x324.png 324w, https:\/\/www.ipcom-gmbh.de\/wp-content\/uploads\/3CX-partner-badge-platinum-1-100x100.png 100w\" sizes=\"auto, (max-width: 150px) 100vw, 150px\" \/><\/figure>\n\n\n\n<p>Kontaktieren Sie uns gerne direkt:<\/p>\n\n\n\n<p>Telefon: <a href=\"tel:+494282958910\">+49 428295891-0<\/a><\/p>\n","protected":false},"excerpt":{"rendered":"<p>Wir sind IT-Dienstleister f\u00fcr Kommunikationsl\u00f6sungen und B2B-Shop f\u00fcr professionelles IT-Equipment. Mit \u00fcber 20 Jahren Erfahrung im Vertrieb hochwertiger Hardware aus den Bereichen IT, Netzwerk und Kommunikation sind Gewerbetreibende, Beh\u00f6rden und Freiberufler bei uns an richtigen Adresse.+ Wir sind zertifizierter Yealink-Partner Wir sind 3CX-Platinum Partner Kontaktieren Sie uns gerne direkt: Telefon: +49 428295891-0<\/p>\n","protected":false},"author":2,"featured_media":0,"parent":0,"menu_order":0,"comment_status":"closed","ping_status":"closed","template":"","meta":{"footnotes":""},"class_list":["post-2914","page","type-page","status-publish","hentry"],"_links":{"self":[{"href":"https:\/\/www.ipcom-gmbh.de\/index.php\/wp-json\/wp\/v2\/pages\/2914","targetHints":{"allow":["GET"]}}],"collection":[{"href":"https:\/\/www.ipcom-gmbh.de\/index.php\/wp-json\/wp\/v2\/pages"}],"about":[{"href":"https:\/\/www.ipcom-gmbh.de\/index.php\/wp-json\/wp\/v2\/types\/page"}],"author":[{"embeddable":true,"href":"https:\/\/www.ipcom-gmbh.de\/index.php\/wp-json\/wp\/v2\/users\/2"}],"replies":[{"embeddable":true,"href":"https:\/\/www.ipcom-gmbh.de\/index.php\/wp-json\/wp\/v2\/comments?post=2914"}],"version-history":[{"count":4,"href":"https:\/\/www.ipcom-gmbh.de\/index.php\/wp-json\/wp\/v2\/pages\/2914\/revisions"}],"predecessor-version":[{"id":3891,"href":"https:\/\/www.ipcom-gmbh.de\/index.php\/wp-json\/wp\/v2\/pages\/2914\/revisions\/3891"}],"wp:attachment":[{"href":"https:\/\/www.ipcom-gmbh.de\/index.php\/wp-json\/wp\/v2\/media?parent=2914"}],"curies":[{"name":"wp","href":"https:\/\/api.w.org\/{rel}","templated":true}]}}