{"id":3830,"date":"2023-03-21T17:06:38","date_gmt":"2023-03-21T16:06:38","guid":{"rendered":"https:\/\/www.ipcom-gmbh.de\/?page_id=3830"},"modified":"2023-03-21T17:11:30","modified_gmt":"2023-03-21T16:11:30","slug":"rueckerstattungsrichtlinie","status":"publish","type":"page","link":"https:\/\/www.ipcom-gmbh.de\/index.php\/rueckerstattungsrichtlinie\/","title":{"rendered":"R\u00fcckerstattungsrichtlinie"},"content":{"rendered":"\n<p>Unsere Angebote richten sich ausschlie\u00dflich an Unternehmer. Wir schlie\u00dfen keine Vertr\u00e4ge mit Verbrauchern. Aus diesem Grund bieten wir standardm\u00e4\u00dfig keine R\u00fccknahme oder R\u00fcckerstattung an im Sinn des Verbraucherrechts an.  <\/p>\n\n\n\n<p>Sie k\u00f6nnen aber  eine R\u00fcckgabe\/R\u00fcckerstattung auf Kulanzbasis bei uns anfragen. Kontaktieren Sie uns hierzu via E-Mail oder Telefon.<\/p>\n","protected":false},"excerpt":{"rendered":"<p>Unsere Angebote richten sich ausschlie\u00dflich an Unternehmer. Wir schlie\u00dfen keine Vertr\u00e4ge mit Verbrauchern. Aus diesem Grund bieten wir standardm\u00e4\u00dfig keine R\u00fccknahme oder R\u00fcckerstattung an im Sinn des Verbraucherrechts an. Sie k\u00f6nnen aber eine R\u00fcckgabe\/R\u00fcckerstattung auf Kulanzbasis bei uns anfragen. Kontaktieren Sie uns hierzu via E-Mail oder Telefon.<\/p>\n","protected":false},"author":2,"featured_media":0,"parent":0,"menu_order":0,"comment_status":"closed","ping_status":"closed","template":"","meta":{"footnotes":""},"class_list":["post-3830","page","type-page","status-publish","hentry"],"_links":{"self":[{"href":"https:\/\/www.ipcom-gmbh.de\/index.php\/wp-json\/wp\/v2\/pages\/3830","targetHints":{"allow":["GET"]}}],"collection":[{"href":"https:\/\/www.ipcom-gmbh.de\/index.php\/wp-json\/wp\/v2\/pages"}],"about":[{"href":"https:\/\/www.ipcom-gmbh.de\/index.php\/wp-json\/wp\/v2\/types\/page"}],"author":[{"embeddable":true,"href":"https:\/\/www.ipcom-gmbh.de\/index.php\/wp-json\/wp\/v2\/users\/2"}],"replies":[{"embeddable":true,"href":"https:\/\/www.ipcom-gmbh.de\/index.php\/wp-json\/wp\/v2\/comments?post=3830"}],"version-history":[{"count":4,"href":"https:\/\/www.ipcom-gmbh.de\/index.php\/wp-json\/wp\/v2\/pages\/3830\/revisions"}],"predecessor-version":[{"id":3840,"href":"https:\/\/www.ipcom-gmbh.de\/index.php\/wp-json\/wp\/v2\/pages\/3830\/revisions\/3840"}],"wp:attachment":[{"href":"https:\/\/www.ipcom-gmbh.de\/index.php\/wp-json\/wp\/v2\/media?parent=3830"}],"curies":[{"name":"wp","href":"https:\/\/api.w.org\/{rel}","templated":true}]}}