{"id":89,"date":"2021-05-04T14:34:50","date_gmt":"2021-05-04T12:34:50","guid":{"rendered":"https:\/\/shop.arconda.ag\/?page_id=89"},"modified":"2023-06-15T10:39:00","modified_gmt":"2023-06-15T08:39:00","slug":"start","status":"publish","type":"page","link":"https:\/\/www.ipcom-gmbh.de\/","title":{"rendered":"Start"},"content":{"rendered":"\n<div class=\"wp-block-cover alignfull is-light has-parallax wp-duotone-unset-1\" style=\"min-height:545px;aspect-ratio:unset;\"><span aria-hidden=\"true\" class=\"wp-block-cover__background has-vivid-red-background-color has-background-dim-0 has-background-dim\"><\/span><div role=\"img\" class=\"wp-block-cover__image-background wp-image-2535 has-parallax\" style=\"background-position:50% 50%;background-image:url(https:\/\/www.ipcom-gmbh.de\/wp-content\/uploads\/shutterstock_110257892-scaled.jpg)\"><\/div><div class=\"wp-block-cover__inner-container is-layout-flow wp-block-cover-is-layout-flow\">\n<div class=\"wp-block-media-text alignwide is-stacked-on-mobile partnerlogo-header\" style=\"grid-template-columns:30% auto\"><figure class=\"wp-block-media-text__media\"><img loading=\"lazy\" decoding=\"async\" width=\"1000\" height=\"1122\" src=\"https:\/\/www.ipcom-gmbh.de\/wp-content\/uploads\/Shopteaser-2.png\" alt=\"\" class=\"wp-image-3696 size-full\" srcset=\"https:\/\/www.ipcom-gmbh.de\/wp-content\/uploads\/Shopteaser-2.png 1000w, https:\/\/www.ipcom-gmbh.de\/wp-content\/uploads\/Shopteaser-2-267x300.png 267w, https:\/\/www.ipcom-gmbh.de\/wp-content\/uploads\/Shopteaser-2-913x1024.png 913w, https:\/\/www.ipcom-gmbh.de\/wp-content\/uploads\/Shopteaser-2-768x862.png 768w, https:\/\/www.ipcom-gmbh.de\/wp-content\/uploads\/Shopteaser-2-416x467.png 416w\" sizes=\"auto, (max-width: 1000px) 100vw, 1000px\" \/><\/figure><div class=\"wp-block-media-text__content\">\n<h2 class=\"wp-block-heading has-text-align-left has-text-color\" style=\"color:#003b55\"><strong>Ihr B2B-Shop f\u00fcr IT, Netzwerk und Kommunikation.<\/strong><\/h2>\n\n\n\n<p class=\"has-text-color\" style=\"color:#003b55\">Wir sind IT-Dienstleister f\u00fcr Kommunikationsl\u00f6sungen und B2B-Shop f\u00fcr professionelles IT-Equipment.<br>Mit \u00fcber 20 Jahren Erfahrung im Vertrieb hochwertiger Hardware aus den Bereichen IT, Netzwerk und Kommunikation sind Gewerbetreibende, Beh\u00f6rden und Freiberufler bei uns an der richtigen Adresse.<\/p>\n\n\n\n<div class=\"wp-block-buttons is-content-justification-left is-layout-flex wp-container-core-buttons-is-layout-fdcfc74e wp-block-buttons-is-layout-flex\">\n<div class=\"wp-block-button has-custom-font-size\" style=\"font-size:20px\"><a class=\"wp-block-button__link has-white-color has-text-color has-background wp-element-button\" href=\"https:\/\/www.ipcom-gmbh.de\/index.php\/shop\/\" style=\"border-radius:6px;background-color:#015275\">Direkt zum Shop<\/a><\/div>\n<\/div>\n<\/div><\/div>\n<\/div><\/div>\n\n\n\n<div class=\"wp-block-cover alignfull has-parallax wp-duotone-unset-2\"><span aria-hidden=\"true\" class=\"wp-block-cover__background has-vivid-red-background-color has-background-dim-0 has-background-dim\"><\/span><div class=\"wp-block-cover__inner-container is-layout-flow wp-block-cover-is-layout-flow\">\n<div class=\"wp-block-media-text alignwide is-stacked-on-mobile partnerlogo-header\"><figure class=\"wp-block-media-text__media\"><img loading=\"lazy\" decoding=\"async\" width=\"1024\" height=\"660\" src=\"https:\/\/www.ipcom-gmbh.de\/wp-content\/uploads\/Unified-Communications-1024x660.png\" alt=\"\" class=\"wp-image-3040 size-full\" srcset=\"https:\/\/www.ipcom-gmbh.de\/wp-content\/uploads\/Unified-Communications-1024x660.png 1024w, https:\/\/www.ipcom-gmbh.de\/wp-content\/uploads\/Unified-Communications-300x193.png 300w, https:\/\/www.ipcom-gmbh.de\/wp-content\/uploads\/Unified-Communications-768x495.png 768w, https:\/\/www.ipcom-gmbh.de\/wp-content\/uploads\/Unified-Communications-416x268.png 416w, https:\/\/www.ipcom-gmbh.de\/wp-content\/uploads\/Unified-Communications.png 1200w\" sizes=\"auto, (max-width: 1024px) 100vw, 1024px\" \/><\/figure><div class=\"wp-block-media-text__content\">\n<figure class=\"wp-block-image size-full is-resized\"><img loading=\"lazy\" decoding=\"async\" src=\"https:\/\/www.ipcom-gmbh.de\/wp-content\/uploads\/3CX-partner-badge-platinum.png\" alt=\"\" class=\"wp-image-2804\" width=\"200\" height=\"200\" srcset=\"https:\/\/www.ipcom-gmbh.de\/wp-content\/uploads\/3CX-partner-badge-platinum.png 400w, https:\/\/www.ipcom-gmbh.de\/wp-content\/uploads\/3CX-partner-badge-platinum-300x300.png 300w, https:\/\/www.ipcom-gmbh.de\/wp-content\/uploads\/3CX-partner-badge-platinum-150x150.png 150w, https:\/\/www.ipcom-gmbh.de\/wp-content\/uploads\/3CX-partner-badge-platinum-324x324.png 324w, https:\/\/www.ipcom-gmbh.de\/wp-content\/uploads\/3CX-partner-badge-platinum-100x100.png 100w\" sizes=\"auto, (max-width: 200px) 100vw, 200px\" \/><\/figure>\n\n\n\n<h2 class=\"has-text-align-right has-text-color\" style=\"color:#315262\"><strong>3CX-<nobr>Telefonanlage<\/nobr><\/strong><\/h2>\n\n\n\n<h2 class=\"wp-block-heading has-text-align-right has-text-color has-medium-font-size\" style=\"color:#315262;font-style:normal;font-weight:500\">Wir sind Ihr Experte f\u00fcr 3CX-Telefonanlagen und Zubeh\u00f6r. Bei uns erhalten Sie erstklassigen Support und Beratung f\u00fcr Ihr Unternehmen.<\/h2>\n\n\n\n<p><\/p>\n\n\n\n<div class=\"wp-block-buttons is-content-justification-right is-layout-flex wp-container-core-buttons-is-layout-765c4724 wp-block-buttons-is-layout-flex\">\n<div class=\"wp-block-button has-custom-font-size\" style=\"font-size:20px\"><a class=\"wp-block-button__link has-white-color has-text-color has-background wp-element-button\" href=\"https:\/\/www.ipcom-gmbh.de\/index.php\/3cx-telefonanlage\/\" style=\"border-radius:6px;background-color:#015275\">Unser 3CX-Angebot<\/a><\/div>\n<\/div>\n<\/div><\/div>\n<\/div><\/div>\n","protected":false},"excerpt":{"rendered":"","protected":false},"author":2,"featured_media":0,"parent":0,"menu_order":0,"comment_status":"closed","ping_status":"closed","template":"template-fullwidth.php","meta":{"footnotes":""},"class_list":["post-89","page","type-page","status-publish","hentry"],"_links":{"self":[{"href":"https:\/\/www.ipcom-gmbh.de\/index.php\/wp-json\/wp\/v2\/pages\/89","targetHints":{"allow":["GET"]}}],"collection":[{"href":"https:\/\/www.ipcom-gmbh.de\/index.php\/wp-json\/wp\/v2\/pages"}],"about":[{"href":"https:\/\/www.ipcom-gmbh.de\/index.php\/wp-json\/wp\/v2\/types\/page"}],"author":[{"embeddable":true,"href":"https:\/\/www.ipcom-gmbh.de\/index.php\/wp-json\/wp\/v2\/users\/2"}],"replies":[{"embeddable":true,"href":"https:\/\/www.ipcom-gmbh.de\/index.php\/wp-json\/wp\/v2\/comments?post=89"}],"version-history":[{"count":328,"href":"https:\/\/www.ipcom-gmbh.de\/index.php\/wp-json\/wp\/v2\/pages\/89\/revisions"}],"predecessor-version":[{"id":3888,"href":"https:\/\/www.ipcom-gmbh.de\/index.php\/wp-json\/wp\/v2\/pages\/89\/revisions\/3888"}],"wp:attachment":[{"href":"https:\/\/www.ipcom-gmbh.de\/index.php\/wp-json\/wp\/v2\/media?parent=89"}],"curies":[{"name":"wp","href":"https:\/\/api.w.org\/{rel}","templated":true}]}}