{"id":1268,"date":"2022-03-10T14:34:30","date_gmt":"2022-03-10T13:34:30","guid":{"rendered":"https:\/\/objective-gates.193-32-221-5.plesk.page\/index.php\/produkt\/snom-d865\/"},"modified":"2023-03-23T13:26:07","modified_gmt":"2023-03-23T12:26:07","slug":"snom-d865","status":"publish","type":"product","link":"https:\/\/www.ipcom-gmbh.de\/index.php\/produkt\/snom-d865\/","title":{"rendered":"Snom D865"},"content":{"rendered":"<p>Das D865 ist ein wahrer Allesk\u00f6nner &#8211; perfekt geeignet f\u00fcr diejenigen, die viel und intensiv mit ihrem Telefon arbeiten. Das \u00fcber 40\u00b0 frei bewegliche LCD Display verf\u00fcgt \u00fcber kristallklare Farben und f\u00fcgt sich unabh\u00e4ngig von den Lichtverh\u00e4ltnissen perfekt in jede\u00a0B\u00fcroumgebung. Die Sprachqualit\u00e4t ist einfach nur herausragend. Basierend auf HD-Audio arbeitet es zus\u00e4tzlich mit einer erweiterten Rauschunterdr\u00fcckung. Zudem ist es h\u00f6rger\u00e4tekompatibel, verf\u00fcgt \u00fcber integriertes Bluetooth &amp; WLAN, dar\u00fcber hinaus kann man ein DECT-Headset via Dongle verbinden.<\/p>\n<p>Das D865 ist damit nicht nur gut designed, sondern auch sehr durchdacht &#8211; egal in welcher Umgebung!<\/p>\n<p><strong>Kurze \u00dcbersicht<\/strong><\/p>\n<ul>\n<li>Gro\u00dfes schwenkbares 5 Zoll IPS Farbdisplay<\/li>\n<li>2x USB 2.0 Hochgeschwindigkeitsanschluss<\/li>\n<li>Dual-Band Wi-Fi und integriertes BT 5.0<\/li>\n<li>10 programmierbare Funktionstasten<\/li>\n<li>Optimierte Rauschunterdr\u00fcckung<\/li>\n<\/ul>\n","protected":false},"excerpt":{"rendered":"<p>IP Tischtelefon<\/p>\n<p><a href=\"https:\/\/www.ipcom-gmbh.de\/wp-content\/uploads\/Datasheets\/Snom-D865-IPCOM-Datenblatt.pdf\">Download Datenblatt<\/a><\/p>\n","protected":false},"featured_media":1103,"template":"","meta":[],"product_brand":[],"product_cat":[157],"product_tag":[],"class_list":{"0":"post-1268","1":"product","2":"type-product","3":"status-publish","4":"has-post-thumbnail","6":"product_cat-snom-ip-tischtelefone","8":"first","9":"instock","10":"taxable","11":"shipping-taxable","12":"product-type-simple"},"_links":{"self":[{"href":"https:\/\/www.ipcom-gmbh.de\/index.php\/wp-json\/wp\/v2\/product\/1268","targetHints":{"allow":["GET"]}}],"collection":[{"href":"https:\/\/www.ipcom-gmbh.de\/index.php\/wp-json\/wp\/v2\/product"}],"about":[{"href":"https:\/\/www.ipcom-gmbh.de\/index.php\/wp-json\/wp\/v2\/types\/product"}],"wp:featuredmedia":[{"embeddable":true,"href":"https:\/\/www.ipcom-gmbh.de\/index.php\/wp-json\/wp\/v2\/media\/1103"}],"wp:attachment":[{"href":"https:\/\/www.ipcom-gmbh.de\/index.php\/wp-json\/wp\/v2\/media?parent=1268"}],"wp:term":[{"taxonomy":"product_brand","embeddable":true,"href":"https:\/\/www.ipcom-gmbh.de\/index.php\/wp-json\/wp\/v2\/product_brand?post=1268"},{"taxonomy":"product_cat","embeddable":true,"href":"https:\/\/www.ipcom-gmbh.de\/index.php\/wp-json\/wp\/v2\/product_cat?post=1268"},{"taxonomy":"product_tag","embeddable":true,"href":"https:\/\/www.ipcom-gmbh.de\/index.php\/wp-json\/wp\/v2\/product_tag?post=1268"}],"curies":[{"name":"wp","href":"https:\/\/api.w.org\/{rel}","templated":true}]}}