{"id":1271,"date":"2022-03-10T14:34:31","date_gmt":"2022-03-10T13:34:31","guid":{"rendered":"https:\/\/objective-gates.193-32-221-5.plesk.page\/index.php\/produkt\/snom-m70\/"},"modified":"2023-03-23T13:26:07","modified_gmt":"2023-03-23T12:26:07","slug":"snom-m70","status":"publish","type":"product","link":"https:\/\/www.ipcom-gmbh.de\/index.php\/produkt\/snom-m70\/","title":{"rendered":"Snom M70"},"content":{"rendered":"<p>Das Snom M70 DECT-Handset ist der perfekte B\u00fcro-Allrounder f\u00fcr grenzenlose Mobilit\u00e4t am Arbeitsplatz. Das Handset ist nicht nur \u00e4u\u00dferst leicht und kompakt es ist dank seiner hochwertigen Qualit\u00e4t und der \u00e4u\u00dferen Schutzh\u00fclle auch besonders robust. Damit verzeiht das M70 nicht nur ein unbeabsichtigtes Fallenlassen, sondern ist au\u00dferdem auch nach der MIL-STD-810g gesch\u00fctzt und h\u00e4lt problemlos St\u00fcrze aus bis zu 2 Meter aus. Damit ist das M70 der perfekte Begleiter im B\u00fcro, in einer Lagerhalle oder auf Au\u00dfengel\u00e4nden.<\/p>\n<p>Neben der hervorragenden Verarbeitungsqualit\u00e4t verf\u00fcgt das moderne DECT-Telefon au\u00dferdem \u00fcber einen hochaufl\u00f6senden LCD-Farbbildschirm und erm\u00f6glicht drahtlose Telefonie in bester HD-Audioqualit\u00e4t und hoher Reichweite. Au\u00dferdem lassen sich mit dem M70 alle g\u00e4ngigen Bluetooth Headsets koppeln um den Telefonkomfort noch weiter zu steigern.<\/p>\n<p>Neben den reinen Telefoniefunktionen bietet das Snom M70 au\u00dferdem noch einen frei programmierbaren Alarmknopf an der Oberseite des Ger\u00e4ts. Dieser Knopf kann dazu genutzt werden um bspw. im Notfall Hilfe zu rufen, T\u00fcren zu \u00f6ffnen und vieles mehr.<\/p>\n<p>Ebenfalls v\u00f6llig neu ist der integrierte Bluetooth Tag der in Verbindung mit dem Snom BLE Beacons vielf\u00e4ltige neue Funktionen erm\u00f6glicht.<\/p>\n<p>Das Snom M70 ist ein vielseitig einsetzbares, leichtes und modernes B\u00fcro-DECT-Telefon der neuesten Generation und die perfekte Erg\u00e4nzung f\u00fcr jeden mobilen Arbeitsplatz.<\/p>\n","protected":false},"excerpt":{"rendered":"<p>Robustes DECT Mobilteil nach IP65-Schutzklasse<\/p>\n<p><a href=\"https:\/\/www.ipcom-gmbh.de\/wp-content\/uploads\/Datasheets\/Snom-M70-IPCOM-Datenblatt.pdf\">Download Datenblatt<\/a><\/p>\n","protected":false},"featured_media":1106,"template":"","meta":[],"product_brand":[],"product_cat":[148],"product_tag":[],"class_list":{"0":"post-1271","1":"product","2":"type-product","3":"status-publish","4":"has-post-thumbnail","6":"product_cat-dect-ip-telefone","8":"first","9":"instock","10":"taxable","11":"shipping-taxable","12":"product-type-simple"},"_links":{"self":[{"href":"https:\/\/www.ipcom-gmbh.de\/index.php\/wp-json\/wp\/v2\/product\/1271","targetHints":{"allow":["GET"]}}],"collection":[{"href":"https:\/\/www.ipcom-gmbh.de\/index.php\/wp-json\/wp\/v2\/product"}],"about":[{"href":"https:\/\/www.ipcom-gmbh.de\/index.php\/wp-json\/wp\/v2\/types\/product"}],"wp:featuredmedia":[{"embeddable":true,"href":"https:\/\/www.ipcom-gmbh.de\/index.php\/wp-json\/wp\/v2\/media\/1106"}],"wp:attachment":[{"href":"https:\/\/www.ipcom-gmbh.de\/index.php\/wp-json\/wp\/v2\/media?parent=1271"}],"wp:term":[{"taxonomy":"product_brand","embeddable":true,"href":"https:\/\/www.ipcom-gmbh.de\/index.php\/wp-json\/wp\/v2\/product_brand?post=1271"},{"taxonomy":"product_cat","embeddable":true,"href":"https:\/\/www.ipcom-gmbh.de\/index.php\/wp-json\/wp\/v2\/product_cat?post=1271"},{"taxonomy":"product_tag","embeddable":true,"href":"https:\/\/www.ipcom-gmbh.de\/index.php\/wp-json\/wp\/v2\/product_tag?post=1271"}],"curies":[{"name":"wp","href":"https:\/\/api.w.org\/{rel}","templated":true}]}}