{"id":1272,"date":"2022-03-10T14:34:31","date_gmt":"2022-03-10T13:34:31","guid":{"rendered":"https:\/\/objective-gates.193-32-221-5.plesk.page\/index.php\/produkt\/snom-m80\/"},"modified":"2023-03-23T13:26:07","modified_gmt":"2023-03-23T12:26:07","slug":"snom-m80","status":"publish","type":"product","link":"https:\/\/www.ipcom-gmbh.de\/index.php\/produkt\/snom-m80\/","title":{"rendered":"Snom M80"},"content":{"rendered":"<p>Das Snom M80 ist der perfekte Allrounder f\u00fcr Innen- als auch Au\u00dfeneins\u00e4tze. Das Handset ist \u00e4u\u00dferst leicht und kompakt und ist dank der speziellen hochbelastbaren Ummantelung (IP 65 und MIL-STD 810g zertifiziert) besonders robust und langlebig. Damit steckt das hochmoderne Handset auch problemlos St\u00fcrze aus bis zu 2 Meter weg und ist au\u00dferdem noch gesch\u00fctzt vor Spritzwasser und Staub. Damit ist das M80 nicht nur f\u00fcr das B\u00fcro geeignet, sondern auch f\u00fcr kompliziertere Einsatzorte wie Hallen, Baustellen oder Au\u00dfenbereiche.<\/p>\n<p>Zur Unterst\u00fctzung im t\u00e4glichen B\u00fcroalltag verf\u00fcgt das kompakte nur 120g schwere Ger\u00e4te au\u00dferdem \u00fcber integriertes Bluetooth sowie \u00fcber einen integrierten BLE-Tag. Damit lassen sich nicht nur alle modernen Headsets mit dem Telefon verbinden, es ergeben sich in Verbindung mit den Snom Bluetooth Beacons auch v\u00f6llig neue Einsatzm\u00f6glichkeiten. Vom Live-Tracking der Ger\u00e4te bis hin zur Alarmsicherung.<\/p>\n<p>Das moderne DECT-Telefon ist auch technisch auf dem neuesten Stand dank seines hochaufl\u00f6senden, LED-Farbdisplays,\u00a0integriertem\u00a0Bluetooth, bestem HD-Audio und Vibrationsalarm. Dazu kommt noch ein Hochleistungsakku, der bis zu 12 Stunden Gespr\u00e4chszeit erm\u00f6glicht.<\/p>\n<p>Das Snom M80 Handset ist f\u00fcr Innen- wie Au\u00dfenbereiche ein moderner, kompakter und hochbelastbarerer Begleiter im t\u00e4glichen Gesch\u00e4ftsalltag.<\/p>\n","protected":false},"excerpt":{"rendered":"<p>Robustes DECT Mobilteil nach IP65-Schutzklasse<\/p>\n<p><a href=\"https:\/\/www.ipcom-gmbh.de\/wp-content\/uploads\/Datasheets\/Snom-M80-IPCOM-Datenblatt.pdf\">Download Datenblatt<\/a><\/p>\n","protected":false},"featured_media":1107,"template":"","meta":[],"product_brand":[],"product_cat":[148],"product_tag":[],"class_list":{"0":"post-1272","1":"product","2":"type-product","3":"status-publish","4":"has-post-thumbnail","6":"product_cat-dect-ip-telefone","8":"first","9":"instock","10":"taxable","11":"shipping-taxable","12":"product-type-simple"},"_links":{"self":[{"href":"https:\/\/www.ipcom-gmbh.de\/index.php\/wp-json\/wp\/v2\/product\/1272","targetHints":{"allow":["GET"]}}],"collection":[{"href":"https:\/\/www.ipcom-gmbh.de\/index.php\/wp-json\/wp\/v2\/product"}],"about":[{"href":"https:\/\/www.ipcom-gmbh.de\/index.php\/wp-json\/wp\/v2\/types\/product"}],"wp:featuredmedia":[{"embeddable":true,"href":"https:\/\/www.ipcom-gmbh.de\/index.php\/wp-json\/wp\/v2\/media\/1107"}],"wp:attachment":[{"href":"https:\/\/www.ipcom-gmbh.de\/index.php\/wp-json\/wp\/v2\/media?parent=1272"}],"wp:term":[{"taxonomy":"product_brand","embeddable":true,"href":"https:\/\/www.ipcom-gmbh.de\/index.php\/wp-json\/wp\/v2\/product_brand?post=1272"},{"taxonomy":"product_cat","embeddable":true,"href":"https:\/\/www.ipcom-gmbh.de\/index.php\/wp-json\/wp\/v2\/product_cat?post=1272"},{"taxonomy":"product_tag","embeddable":true,"href":"https:\/\/www.ipcom-gmbh.de\/index.php\/wp-json\/wp\/v2\/product_tag?post=1272"}],"curies":[{"name":"wp","href":"https:\/\/api.w.org\/{rel}","templated":true}]}}