{"id":1276,"date":"2022-03-10T14:34:32","date_gmt":"2022-03-10T13:34:32","guid":{"rendered":"https:\/\/objective-gates.193-32-221-5.plesk.page\/index.php\/produkt\/snom-m900\/"},"modified":"2023-03-23T13:26:07","modified_gmt":"2023-03-23T12:26:07","slug":"snom-m900","status":"publish","type":"product","link":"https:\/\/www.ipcom-gmbh.de\/index.php\/produkt\/snom-m900\/","title":{"rendered":"Snom M900"},"content":{"rendered":"<p>Mit der neuen M900 Basisstation er\u00f6ffnet sich ein neues Kapitel der professionellen und\u00a0modernen Multizellen-DECT-Technologie.<\/p>\n<p>Die neue und handliche Basisstation kommt nicht nur in einem v\u00f6llig neuen Design, sondern auch mit neuen, vielf\u00e4ltigen Funktionen. Die M900 bietet neben einem integrierten DECT-Manager auch eine DECT- und LAN-Synchronisierung. Der integrierte DECT-Manager verwaltet alle Basisstationen in einer Installation und sorgt f\u00fcr eine st\u00e4ndige Verf\u00fcgbarkeit sowie dem so genannten &#8222;Seamless Handover&#8220;. Das bedeutet, dass Gespr\u00e4che nahtlos zwischen den einzelnen Basisstationen \u00fcbergeben werden &#8211; auch \u00fcber Stockwerke oder Geb\u00e4ude hinweg.<\/p>\n<p>Sicherheit wird gerade in der t\u00e4glichen Business-Kommunikation gro\u00dfgeschrieben. Mit der integrierten TLS-Verschl\u00fcsselung setzt die M900 Basisstation auch hinsichtlich der Verschl\u00fcsselung absolute Ma\u00dfst\u00e4be.<\/p>\n<p>Die neue M900 DECT-Basisstation bietet f\u00fcr jede Installationsgr\u00f6\u00dfe die richtige Basis. Egal ob kleines B\u00fcro mit nur einer Basisstation oder Klinikum mit mehreren tausend Ger\u00e4ten. Dank der integrierten DECT-Manager und modernster Technik k\u00f6nnen einzelne Installationen bis zu 1.000 Basisstationen und bis zu 4.000 Mobilteile umfassen. Auch die Wartung der Ger\u00e4te l\u00e4sst sich dank der M900 Basisstation problemlos durchf\u00fchren. Jede Basisstation kann drahtlos Softwareupdates an die angeschlossenen Handsets senden und so den Aufwand f\u00fcr die IT-Abteilung massiv erleichtern.<\/p>\n","protected":false},"excerpt":{"rendered":"<p>DECT Basisstation f\u00fcr Multizellenbetrieb<\/p>\n<p><a href=\"https:\/\/www.ipcom-gmbh.de\/wp-content\/uploads\/Datasheets\/Snom-M900-IPCOM-Datenblatt.pdf\">Download Datenblatt<\/a><\/p>\n","protected":false},"featured_media":1112,"template":"","meta":[],"product_brand":[],"product_cat":[149],"product_tag":[],"class_list":{"0":"post-1276","1":"product","2":"type-product","3":"status-publish","4":"has-post-thumbnail","6":"product_cat-dect-ip-multizellensysteme","8":"first","9":"instock","10":"taxable","11":"shipping-taxable","12":"product-type-simple"},"_links":{"self":[{"href":"https:\/\/www.ipcom-gmbh.de\/index.php\/wp-json\/wp\/v2\/product\/1276","targetHints":{"allow":["GET"]}}],"collection":[{"href":"https:\/\/www.ipcom-gmbh.de\/index.php\/wp-json\/wp\/v2\/product"}],"about":[{"href":"https:\/\/www.ipcom-gmbh.de\/index.php\/wp-json\/wp\/v2\/types\/product"}],"wp:featuredmedia":[{"embeddable":true,"href":"https:\/\/www.ipcom-gmbh.de\/index.php\/wp-json\/wp\/v2\/media\/1112"}],"wp:attachment":[{"href":"https:\/\/www.ipcom-gmbh.de\/index.php\/wp-json\/wp\/v2\/media?parent=1276"}],"wp:term":[{"taxonomy":"product_brand","embeddable":true,"href":"https:\/\/www.ipcom-gmbh.de\/index.php\/wp-json\/wp\/v2\/product_brand?post=1276"},{"taxonomy":"product_cat","embeddable":true,"href":"https:\/\/www.ipcom-gmbh.de\/index.php\/wp-json\/wp\/v2\/product_cat?post=1276"},{"taxonomy":"product_tag","embeddable":true,"href":"https:\/\/www.ipcom-gmbh.de\/index.php\/wp-json\/wp\/v2\/product_tag?post=1276"}],"curies":[{"name":"wp","href":"https:\/\/api.w.org\/{rel}","templated":true}]}}