{"id":3598,"date":"2023-03-07T13:26:36","date_gmt":"2023-03-07T12:26:36","guid":{"rendered":"https:\/\/www.ipcom-gmbh.de\/index.php\/produkt\/snom-m700-2\/"},"modified":"2023-03-23T13:26:21","modified_gmt":"2023-03-23T12:26:21","slug":"snom-m700-2","status":"publish","type":"product","link":"https:\/\/www.ipcom-gmbh.de\/index.php\/produkt\/snom-m700-2\/","title":{"rendered":"Snom M400"},"content":{"rendered":"<p><strong>Snom M400 &#8212; DECT Basisstation<\/strong><\/p>\n<p><span class=\"markedContent\"><span id=\"page69R_mcid0\" class=\"markedContent\"><span dir=\"ltr\" role=\"presentation\">\u2022<\/span> <span dir=\"ltr\" role=\"presentation\">TLS-Verschl\u00fcsselung<\/span><br role=\"presentation\" \/><span dir=\"ltr\" role=\"presentation\">\u2022<\/span> <span dir=\"ltr\" role=\"presentation\">Bis zu 20 Mobilteilen pro Basisstation<\/span><br role=\"presentation\" \/><span dir=\"ltr\" role=\"presentation\">\u2022<\/span> <span dir=\"ltr\" role=\"presentation\">Bis zu 10 parallele Gespr\u00e4che pro Basisstation<\/span><br role=\"presentation\" \/><span dir=\"ltr\" role=\"presentation\">\u2022<\/span> <span dir=\"ltr\" role=\"presentation\">Wandaufh\u00e4ngung m\u00f6glich<\/span><br role=\"presentation\" \/><span dir=\"ltr\" role=\"presentation\">\u2022<\/span> <span dir=\"ltr\" role=\"presentation\">Breitband-Audio<\/span><\/span><\/span><\/p>\n<p><strong>M400 -Garant f\u00fcr h\u00f6chste B\u00fcromobilit\u00e4t<br \/>\n<\/strong><br \/>\nDie M400 DECT-Basisstation offeriert die gesamte Bandbreite an Business-Telefonie-Funktionen. Die Basisstation erm\u00f6glicht es bis zu 10 parallele Anrufe mit bis zu 20 SIP-Konten zu verwalten. F\u00fcr Cloud-und VoIP-PBX-Partner sind Funktionen wie Fernwartung und Zero-Touch-Einrichtung vorgesehen. Das M400 erf\u00fcllt die neusten Verschl\u00fcsselungsstandards und verwendet die gleiche Architektur f\u00fcr Software-und Sicherheits-Updates wie das M900 Multizellensystem.<\/p>\n<hr \/>\n<p><span class=\"markedContent\"><span id=\"page69R_mcid0\" class=\"markedContent\"><span dir=\"ltr\" role=\"presentation\"><strong>Abmessungen &amp; Gewicht<\/strong><br \/>\n<\/span><\/span><\/span><span class=\"markedContent\"><span id=\"page69R_mcid0\" class=\"markedContent\"><span dir=\"ltr\" role=\"presentation\">\u2022 112 mm x 90 mm x 36 mm (H x B x T, ca.)<br \/>\n<\/span><\/span><\/span><span class=\"markedContent\"><span id=\"page69R_mcid0\" class=\"markedContent\"><span dir=\"ltr\" role=\"presentation\">\u2022 170 g<br \/>\n<\/span><\/span><\/span><\/p>\n<p><strong>Audio-Codecs und Funktionen<\/strong><br \/>\n<span class=\"markedContent\"><span id=\"page69R_mcid0\" class=\"markedContent\"><span dir=\"ltr\" role=\"presentation\">\u2022 <\/span><\/span><\/span>Audio-Codecs<br \/>\nG.711 (A-law, \u03bc-law), G.722, G.726, G.729<br \/>\n<span class=\"markedContent\"><span id=\"page69R_mcid0\" class=\"markedContent\"><span dir=\"ltr\" role=\"presentation\">\u2022 <\/span><\/span><\/span>Verwandte Funktionen<br \/>\nCodec-Verhandlung, Codecwechsel<\/p>\n<p><strong> Schnittstellen und Anschl\u00fcsse<br \/>\n<\/strong><span class=\"markedContent\"><span id=\"page69R_mcid0\" class=\"markedContent\"><span dir=\"ltr\" role=\"presentation\">\u2022 <\/span><\/span><\/span>Stromversorgung M400<br \/>\nPower over Ethernet (PoE), IEEE 802.3af, Klasse 2<br \/>\n<span class=\"markedContent\"><span id=\"page69R_mcid0\" class=\"markedContent\"><span dir=\"ltr\" role=\"presentation\">\u2022 <\/span><\/span><\/span>Anschl\u00fcsse<br \/>\nRJ45-8P8C 10\/100 Mbit Ethernet port<br \/>\n<span class=\"markedContent\"><span id=\"page69R_mcid0\" class=\"markedContent\"><span dir=\"ltr\" role=\"presentation\">\u2022 <\/span><\/span><\/span>Drahtlose Schnittstellen<br \/>\nDECT<\/p>\n<p><strong> Zubeh\u00f6r <\/strong><\/p>\n<ul>\n<li>10 W Power adapter<\/li>\n<li>A5 | PoE-Injektor<\/li>\n<li>M25 | DECT-Mobilteil | EU &amp; UK<\/li>\n<li>M30 | DECT-Mobilteil | EU &amp; UK<\/li>\n<li><a class=\"external-link\" href=\"https:\/\/www.snom.com\/m65\/\" target=\"_blank\" rel=\"nofollow noopener\">M65<\/a> | DECT-Mobilteil<\/li>\n<li><a class=\"external-link\" href=\"https:\/\/www.ipcom-gmbh.de\/index.php\/produkt\/snom-m70\/\" target=\"_blank\" rel=\"nofollow noopener\">M70<\/a> | DECT-Mobilteil<\/li>\n<li><a class=\"external-link\" href=\"https:\/\/www.ipcom-gmbh.de\/index.php\/produkt\/snom-m80\/\" target=\"_blank\" rel=\"nofollow noopener\">M80<\/a> | DECT-Mobilteil<\/li>\n<li>M85 | DECT-Mobilteil<\/li>\n<li>M90 | DECT-Mobilteil<\/li>\n<\/ul>\n<p><strong>\u00a0<\/strong><\/p>\n","protected":false},"excerpt":{"rendered":"<p>DECT Basisstation f\u00fcr Multizellenbetrieb<\/p>\n<p><a href=\"https:\/\/www.ipcom-gmbh.de\/wp-content\/uploads\/Datasheets\/Snom-M400-IPCOM-Datenblatt.pdf\">Download Datenblatt<\/a><\/p>\n","protected":false},"featured_media":3609,"template":"","meta":[],"product_brand":[],"product_cat":[149],"product_tag":[],"class_list":{"0":"post-3598","1":"product","2":"type-product","3":"status-publish","4":"has-post-thumbnail","6":"product_cat-dect-ip-multizellensysteme","8":"first","9":"instock","10":"taxable","11":"shipping-taxable","12":"product-type-simple"},"_links":{"self":[{"href":"https:\/\/www.ipcom-gmbh.de\/index.php\/wp-json\/wp\/v2\/product\/3598","targetHints":{"allow":["GET"]}}],"collection":[{"href":"https:\/\/www.ipcom-gmbh.de\/index.php\/wp-json\/wp\/v2\/product"}],"about":[{"href":"https:\/\/www.ipcom-gmbh.de\/index.php\/wp-json\/wp\/v2\/types\/product"}],"wp:featuredmedia":[{"embeddable":true,"href":"https:\/\/www.ipcom-gmbh.de\/index.php\/wp-json\/wp\/v2\/media\/3609"}],"wp:attachment":[{"href":"https:\/\/www.ipcom-gmbh.de\/index.php\/wp-json\/wp\/v2\/media?parent=3598"}],"wp:term":[{"taxonomy":"product_brand","embeddable":true,"href":"https:\/\/www.ipcom-gmbh.de\/index.php\/wp-json\/wp\/v2\/product_brand?post=3598"},{"taxonomy":"product_cat","embeddable":true,"href":"https:\/\/www.ipcom-gmbh.de\/index.php\/wp-json\/wp\/v2\/product_cat?post=3598"},{"taxonomy":"product_tag","embeddable":true,"href":"https:\/\/www.ipcom-gmbh.de\/index.php\/wp-json\/wp\/v2\/product_tag?post=3598"}],"curies":[{"name":"wp","href":"https:\/\/api.w.org\/{rel}","templated":true}]}}