{"id":3744,"date":"2023-03-16T14:25:25","date_gmt":"2023-03-16T13:25:25","guid":{"rendered":"https:\/\/www.ipcom-gmbh.de\/index.php\/produkt\/yealink-w56h-einzelmobilteil\/"},"modified":"2023-03-21T15:16:13","modified_gmt":"2023-03-21T14:16:13","slug":"yealink-w56h-einzelmobilteil","status":"publish","type":"product","link":"https:\/\/www.ipcom-gmbh.de\/index.php\/produkt\/yealink-w56h-einzelmobilteil\/","title":{"rendered":"Yealink W56H Einzelmobilteil"},"content":{"rendered":"<p><b>Yealink DECT W56H Einzelmobilteil<\/p>\n<p><\/b>Das Yealink DECT W56H Einzelmobilteil ist das ideale Ger\u00e4t f\u00fcr Mitarbeiter die viel am Firmengel\u00e4nde unterwegs sind. Es kann in den verschiedensten Branchen eingesetzt werden, egal ob im Einzelhandel, im Catering, in der Lagererhaltung oder in B\u00fcros wo \u00f6fter das Zimmer gewechselt wird, es mit Sicherheit f\u00fcr Ihre Mitarbeiter geeignet. Es dient als zus\u00e4tzliches Mobilteil zur Yealink DECT W56P Basis + Mobilteil.<\/p>\n<p><b>\u00dcberall im Unternehmen erreichbar<\/p>\n<p><\/b>Die Reichweite des Yealink DECT W56H Einzelmobilteil betr\u00e4gt innerhalb des Geb\u00e4udes bis zu 50 Meter. Im Au\u00dfenbereich des Unternehmens erreicht das Yealink DECT W56H Einzelmobilteil bei idealen Bedingungen eine Reichweite von 300 Metern.<\/p>\n<p><b>Jederzeit einsatzbereit<\/p>\n<p><\/b>Generell bietet der Akku des Yealink DECT W56P Basis + Mobilteil eine Standby-Zeit von bis zu 400 Stunden, sowie eine Sprechzeit von 30 Stunden. Sollte der Akku dennoch einmal zur Neige gehen, vielleicht wurde ja vergessen aufzuladen, so hat das Yealink DECT W56P Basis + Mobilteil Quick Charge integriert, 10 Minuten aufladen und Sie k\u00f6nnen wieder f\u00fcr zwei Stunden telefonieren.<\/p>\n<p><b>\u00dcbersichtlich und leicht zu bedienen<\/p>\n<p><\/b>Das Yealink DECT W56H Einzelmobilteil verf\u00fcgt \u00fcber ein 2,4 Zoll gro\u00dfes Farbdisplay. Die Bedienung des Yealink DECT W56H Einzelmobilteil erfordert keine gro\u00dfe Einschulung da die Funktionen intuitiv gestallte wurden. Mit 240 x 320 Pixel hat es eine sehr gute Aufl\u00f6sung.<\/p>\n","protected":false},"excerpt":{"rendered":"<p>IP Tischtelefon<\/p>\n<p><a href=\"https:\/\/www.ipcom-gmbh.de\/wp-content\/uploads\/Datasheets\/Yealink-W56H-einzel-IPCOM-Datenblatt.pdf\">Download Datenblatt<\/a><\/p>\n","protected":false},"featured_media":3811,"template":"","meta":[],"product_brand":[],"product_cat":[148],"product_tag":[],"class_list":{"0":"post-3744","1":"product","2":"type-product","3":"status-publish","4":"has-post-thumbnail","6":"product_cat-dect-ip-telefone","8":"first","9":"instock","10":"taxable","11":"shipping-taxable","12":"product-type-simple"},"_links":{"self":[{"href":"https:\/\/www.ipcom-gmbh.de\/index.php\/wp-json\/wp\/v2\/product\/3744","targetHints":{"allow":["GET"]}}],"collection":[{"href":"https:\/\/www.ipcom-gmbh.de\/index.php\/wp-json\/wp\/v2\/product"}],"about":[{"href":"https:\/\/www.ipcom-gmbh.de\/index.php\/wp-json\/wp\/v2\/types\/product"}],"wp:featuredmedia":[{"embeddable":true,"href":"https:\/\/www.ipcom-gmbh.de\/index.php\/wp-json\/wp\/v2\/media\/3811"}],"wp:attachment":[{"href":"https:\/\/www.ipcom-gmbh.de\/index.php\/wp-json\/wp\/v2\/media?parent=3744"}],"wp:term":[{"taxonomy":"product_brand","embeddable":true,"href":"https:\/\/www.ipcom-gmbh.de\/index.php\/wp-json\/wp\/v2\/product_brand?post=3744"},{"taxonomy":"product_cat","embeddable":true,"href":"https:\/\/www.ipcom-gmbh.de\/index.php\/wp-json\/wp\/v2\/product_cat?post=3744"},{"taxonomy":"product_tag","embeddable":true,"href":"https:\/\/www.ipcom-gmbh.de\/index.php\/wp-json\/wp\/v2\/product_tag?post=3744"}],"curies":[{"name":"wp","href":"https:\/\/api.w.org\/{rel}","templated":true}]}}