{"id":3745,"date":"2023-03-16T14:25:25","date_gmt":"2023-03-16T13:25:25","guid":{"rendered":"https:\/\/www.ipcom-gmbh.de\/index.php\/produkt\/yealink-w73p-dect-basis-mobilteil\/"},"modified":"2023-03-23T13:26:23","modified_gmt":"2023-03-23T12:26:23","slug":"yealink-w73p-dect-basis-mobilteil","status":"publish","type":"product","link":"https:\/\/www.ipcom-gmbh.de\/index.php\/produkt\/yealink-w73p-dect-basis-mobilteil\/","title":{"rendered":"Yealink W73P DECT Basis + Mobilteil"},"content":{"rendered":"<div id=\"attributedescription\" class=\"data item content\" role=\"tabpanel\" data-role=\"content\" aria-labelledby=\"tab-label-attributedescription\" aria-hidden=\"false\">\n<div class=\"product attribute description\">\n<div class=\"value\"><b>Skalierbares DECT Telefonsystem von Yealink<\/p>\n<p><\/b>Das Yealink W73P IP-DECT-Telefonsystem besteht aus einer Yealink W70B Basisstation und einem W73H Handset. Dank der W70B DECT Basis unterst\u00fctzt das W73P-System die Registrierung von bis zu 10 Yealink W73H DECT-Mobilteilen und eine Verarbeitungskapazit\u00e4t f\u00fcr bis zu 10 SIP-Konten und 20 gleichzeitige Anrufe. Erweitern Sie die Netzwerkabdeckung mit bis zu 6 optional erh\u00e4ltlichen DECT Repeatern und steigern Sie damit die Flexibilit\u00e4t und Mobilit\u00e4t Ihrer Mitarbeiter.<\/p>\n<p><b>Mit anderen Yealink DECT-Endpunkten kompatibel<\/p>\n<p><\/b>Nat\u00fcrlich ist das W73P DECT-IP-Telefonsystem auch mit anderen DECT-Endpunkten von Yealink kompatibel, darunter Mobilteile, Konferenztelefone und DD-Telefone. Es bietet damit zus\u00e4tzliche Optionen f\u00fcr den Aufbau eines drahtlosen Kommunikationsnetzwerks in verschiedenen Arbeitsbereichen in kleinen und mittleren Unternehmen.<\/p>\n<p><b>Ein erstklassiges schnurloses Kommunikationserlebnis<\/p>\n<p><\/b>Das neue W73P von Yealink bietet Ihren Arbeitskr\u00e4ften HD-Audio, und dank verbesserter Hardware, Rechenkapazit\u00e4t und Signalst\u00e4rke auch rauschfreie Gespr\u00e4che mit gr\u00f6\u00dferer Lautst\u00e4rke.<\/p>\n<p><b>Bereitstellung und Verwaltung<\/p>\n<p><\/b>Das W73P System erm\u00f6glicht mit Yealinks Umleitungs- und Bereitstellungsdienst (RPS) und Boot-Mechanismus, eine m\u00fchelose Bereitstellung und effiziente Massenbereitstellung, Wartung und Aktualisierung aus der Ferne. Das neue Webportal f\u00fcr die Ger\u00e4teverwaltung bietet eine klare und intuitive Benutzeroberfl\u00e4che zur Verbesserung der Benutzererfahrung.<\/div>\n<\/div>\n<\/div>\n","protected":false},"excerpt":{"rendered":"<p>IP Tischtelefon<\/p>\n<p><a href=\"https:\/\/www.ipcom-gmbh.de\/wp-content\/uploads\/Datasheets\/Yealink-W73P-IPCOM-Datenblatt.pdf\">Download Datenblatt<\/a><\/p>\n","protected":false},"featured_media":3813,"template":"","meta":[],"product_brand":[],"product_cat":[148],"product_tag":[],"class_list":{"0":"post-3745","1":"product","2":"type-product","3":"status-publish","4":"has-post-thumbnail","6":"product_cat-dect-ip-telefone","8":"first","9":"instock","10":"taxable","11":"shipping-taxable","12":"product-type-simple"},"_links":{"self":[{"href":"https:\/\/www.ipcom-gmbh.de\/index.php\/wp-json\/wp\/v2\/product\/3745","targetHints":{"allow":["GET"]}}],"collection":[{"href":"https:\/\/www.ipcom-gmbh.de\/index.php\/wp-json\/wp\/v2\/product"}],"about":[{"href":"https:\/\/www.ipcom-gmbh.de\/index.php\/wp-json\/wp\/v2\/types\/product"}],"wp:featuredmedia":[{"embeddable":true,"href":"https:\/\/www.ipcom-gmbh.de\/index.php\/wp-json\/wp\/v2\/media\/3813"}],"wp:attachment":[{"href":"https:\/\/www.ipcom-gmbh.de\/index.php\/wp-json\/wp\/v2\/media?parent=3745"}],"wp:term":[{"taxonomy":"product_brand","embeddable":true,"href":"https:\/\/www.ipcom-gmbh.de\/index.php\/wp-json\/wp\/v2\/product_brand?post=3745"},{"taxonomy":"product_cat","embeddable":true,"href":"https:\/\/www.ipcom-gmbh.de\/index.php\/wp-json\/wp\/v2\/product_cat?post=3745"},{"taxonomy":"product_tag","embeddable":true,"href":"https:\/\/www.ipcom-gmbh.de\/index.php\/wp-json\/wp\/v2\/product_tag?post=3745"}],"curies":[{"name":"wp","href":"https:\/\/api.w.org\/{rel}","templated":true}]}}