{"id":3746,"date":"2023-03-16T14:25:28","date_gmt":"2023-03-16T13:25:28","guid":{"rendered":"https:\/\/www.ipcom-gmbh.de\/index.php\/produkt\/yealink-w73h-einzelmobilteil\/"},"modified":"2023-03-23T13:26:23","modified_gmt":"2023-03-23T12:26:23","slug":"yealink-w73h-einzelmobilteil","status":"publish","type":"product","link":"https:\/\/www.ipcom-gmbh.de\/index.php\/produkt\/yealink-w73h-einzelmobilteil\/","title":{"rendered":"Yealink W73H Einzelmobilteil"},"content":{"rendered":"<p><b>Yealink DECT W73H Einzelmobilteil<\/p>\n<p><\/b>Beim Yealink DECT W73H Einzelmobilteil handelt es sich um ein Mobilteil zur Erweiterung des Yealink DECT W73P Basis + Mobilteil. Es k\u00f6nnen insgesamt acht Mobilteile mit der W70B Basis verbunden werden.<\/p>\n<p><b>Display<\/p>\n<p><\/b>Das Yealink DECT W73H Einzelmobilteil hat ein 1,8 Zoll gro\u00dfes Farbdisplay welches \u00fcber TFT-Technologie verf\u00fcgt. Mit einer Aufl\u00f6sung von 128 Pixel mal 160 Pixel sind alle notwendigen Informationen gut lesbar.<\/p>\n<p><b>Klingelt\u00f6ne<\/p>\n<p><\/b>Sie k\u00f6nnen in Ihrem Yealink DECT W73H Einzelmobilteil zwischen neun verschiedenen Klingelt\u00f6nen w\u00e4hlen. Selbstverst\u00e4ndlich k\u00f6nnen sowohl die Lautst\u00e4rke es Klingeltons als auch die Lautst\u00e4rke des H\u00f6rers selbst eingestellt werden.<\/p>\n<p><b>Akku und Reichweite<\/p>\n<p><\/b>Mit dem Yealink DECT W73H Einzelmobilteil k\u00f6nnen Sie bis zu 18 Stunden telefonieren, im Standbymodus verf\u00fcgt es sogar \u00fcber bis zu 200 Stunden Akkulaufzeit. Innerhalb des Geb\u00e4udes k\u00f6nnen Sie sich damit bis zu 50 Meter von der Basisstation entfernen.<\/p>\n","protected":false},"excerpt":{"rendered":"<p>IP Tischtelefon<\/p>\n<p><a href=\"https:\/\/www.ipcom-gmbh.de\/wp-content\/uploads\/Datasheets\/Yealink-W73H-einzel-IPCOM-Datenblatt.pdf\">Download Datenblatt<\/a><\/p>\n","protected":false},"featured_media":3812,"template":"","meta":[],"product_brand":[],"product_cat":[148],"product_tag":[],"class_list":{"0":"post-3746","1":"product","2":"type-product","3":"status-publish","4":"has-post-thumbnail","6":"product_cat-dect-ip-telefone","8":"first","9":"instock","10":"taxable","11":"shipping-taxable","12":"product-type-simple"},"_links":{"self":[{"href":"https:\/\/www.ipcom-gmbh.de\/index.php\/wp-json\/wp\/v2\/product\/3746","targetHints":{"allow":["GET"]}}],"collection":[{"href":"https:\/\/www.ipcom-gmbh.de\/index.php\/wp-json\/wp\/v2\/product"}],"about":[{"href":"https:\/\/www.ipcom-gmbh.de\/index.php\/wp-json\/wp\/v2\/types\/product"}],"wp:featuredmedia":[{"embeddable":true,"href":"https:\/\/www.ipcom-gmbh.de\/index.php\/wp-json\/wp\/v2\/media\/3812"}],"wp:attachment":[{"href":"https:\/\/www.ipcom-gmbh.de\/index.php\/wp-json\/wp\/v2\/media?parent=3746"}],"wp:term":[{"taxonomy":"product_brand","embeddable":true,"href":"https:\/\/www.ipcom-gmbh.de\/index.php\/wp-json\/wp\/v2\/product_brand?post=3746"},{"taxonomy":"product_cat","embeddable":true,"href":"https:\/\/www.ipcom-gmbh.de\/index.php\/wp-json\/wp\/v2\/product_cat?post=3746"},{"taxonomy":"product_tag","embeddable":true,"href":"https:\/\/www.ipcom-gmbh.de\/index.php\/wp-json\/wp\/v2\/product_tag?post=3746"}],"curies":[{"name":"wp","href":"https:\/\/api.w.org\/{rel}","templated":true}]}}