{"id":3747,"date":"2023-03-16T14:25:28","date_gmt":"2023-03-16T13:25:28","guid":{"rendered":"https:\/\/www.ipcom-gmbh.de\/index.php\/produkt\/yealink-w76p-dect-basis-mobilteil\/"},"modified":"2023-03-23T13:26:23","modified_gmt":"2023-03-23T12:26:23","slug":"yealink-w76p-dect-basis-mobilteil","status":"publish","type":"product","link":"https:\/\/www.ipcom-gmbh.de\/index.php\/produkt\/yealink-w76p-dect-basis-mobilteil\/","title":{"rendered":"Yealink W76P DECT Basis + Mobilteil"},"content":{"rendered":"<p><strong>Yealink W76P DECT Basis + Mobilteil<\/strong><\/p>\n<p>Das Yealink W76P ist ein leistungsstarkes, kabelloses Single Cell SIP-Telefonsystem, das sich ideal f\u00fcr kleine und mittelgro\u00dfe Unternehmen eignet. Verbinden Sie bis zu 10 Yealink W56H Mobilteile mit der W70B Single Cell Basisstation und erm\u00f6glichen Sie erstklassige Mobilit\u00e4t, und effiziente Flexibilit\u00e4t. Das W76P mindert sp\u00fcrbar den Aufwand, den zus\u00e4tzliche Kabel und st\u00e4ndiges Nachladen mit sich bringen. Um eine bessere Leistung bieten zu k\u00f6nnen unterst\u00fctzt dieses DECT IP-Telefon nicht nur bis zu 10 VoIP-Konten und 20 parallele Anrufe, sondern kann auch noch den Start und den Signalaufbau beschleunigen und die durch Upgrades bedingten Ausfallzeiten verringern.<\/p>\n<p>Exzellente Audioqualit\u00e4t dank Opus Codecs<\/p>\n<p>Dank der Unterst\u00fctzung des Opus-Codec liefert die Yealink W76P sowohl bei hoher Bandbreite als auch bei schlechteren Netzwerkbedingungen eine exzellente, professionelle Audioqualit\u00e4t, die anderen Breit- oder Schmalband-Audio-Codecs den Rang abl\u00e4uft. Das Plus an Funktionen, Verbindungen und Mobilit\u00e4t \u00f6ffnet den Nutzern Tor und T\u00fcr f\u00fcr eine reibungslose Drahtloskommunikation und verschafft ihnen Zugang zu den weithin bekannten und beliebten Vorteilen und Funktionen der Voice-over-IP-Telefonie. Mit dem Redirection &amp; Provisioning Service (RPS) und dem Boot-Mechanismus von Yealink unterst\u00fctzt die DECT IP-Telefon W76P eine effiziente Bereitstellung und einen m\u00fchelosen Masseneinsatz, sodass Sie in den Genuss einer vollst\u00e4ndig automatisierten Bereitstellung kommen, ohne komplexe manuelle Einstellungen vornehmen zu m\u00fcssen. Das erleichtert die Einrichtung, die Wartung und Upgrades, spart Zeit und senkt die Kosten, die die Unternehmen f\u00fcr die IT aufbringen m\u00fcssen.<\/p>\n","protected":false},"excerpt":{"rendered":"<p>IP Tischtelefon<\/p>\n<p><a href=\"https:\/\/www.ipcom-gmbh.de\/wp-content\/uploads\/Datasheets\/Yealink-W76P-IPCOM-Datenblatt.pdf\">Download Datenblatt<\/a><\/p>\n","protected":false},"featured_media":3814,"template":"","meta":[],"product_brand":[],"product_cat":[148],"product_tag":[],"class_list":{"0":"post-3747","1":"product","2":"type-product","3":"status-publish","4":"has-post-thumbnail","6":"product_cat-dect-ip-telefone","8":"first","9":"instock","10":"taxable","11":"shipping-taxable","12":"product-type-simple"},"_links":{"self":[{"href":"https:\/\/www.ipcom-gmbh.de\/index.php\/wp-json\/wp\/v2\/product\/3747","targetHints":{"allow":["GET"]}}],"collection":[{"href":"https:\/\/www.ipcom-gmbh.de\/index.php\/wp-json\/wp\/v2\/product"}],"about":[{"href":"https:\/\/www.ipcom-gmbh.de\/index.php\/wp-json\/wp\/v2\/types\/product"}],"wp:featuredmedia":[{"embeddable":true,"href":"https:\/\/www.ipcom-gmbh.de\/index.php\/wp-json\/wp\/v2\/media\/3814"}],"wp:attachment":[{"href":"https:\/\/www.ipcom-gmbh.de\/index.php\/wp-json\/wp\/v2\/media?parent=3747"}],"wp:term":[{"taxonomy":"product_brand","embeddable":true,"href":"https:\/\/www.ipcom-gmbh.de\/index.php\/wp-json\/wp\/v2\/product_brand?post=3747"},{"taxonomy":"product_cat","embeddable":true,"href":"https:\/\/www.ipcom-gmbh.de\/index.php\/wp-json\/wp\/v2\/product_cat?post=3747"},{"taxonomy":"product_tag","embeddable":true,"href":"https:\/\/www.ipcom-gmbh.de\/index.php\/wp-json\/wp\/v2\/product_tag?post=3747"}],"curies":[{"name":"wp","href":"https:\/\/api.w.org\/{rel}","templated":true}]}}