{"id":3767,"date":"2023-03-16T15:17:22","date_gmt":"2023-03-16T14:17:22","guid":{"rendered":"https:\/\/www.ipcom-gmbh.de\/index.php\/produkt\/snom-d345\/"},"modified":"2023-03-23T13:26:24","modified_gmt":"2023-03-23T12:26:24","slug":"snom-d345","status":"publish","type":"product","link":"https:\/\/www.ipcom-gmbh.de\/index.php\/produkt\/snom-d345\/","title":{"rendered":"Snom D345"},"content":{"rendered":"<div class=\"inner\">\n<p>Businesstelefon mit selbstbeschriftenden Tasten. Mit einem eleganten zeitlosen Design trifft das Snom D345 den Geschmack von Gesch\u00e4ftsleuten. Dieses hervorragende, hochwertige VoIP-Telefon unterst\u00fctzt 12 SIP-Identit\u00e4ten und wurde speziell f\u00fcr IT Service Provider entwickelt und deren Anforderungen. Es ist mit einem verschlei\u00dffreien Sensor-Gabelumschalter ausgestattet, sowie es \u00fcber ein zweites LCD-Display verf\u00fcgt mit selbstbeschriftenden Tasten. Zur weiteren Ausstattung geh\u00f6ren ebenfalls ein USB-Anschluss z. B. f\u00fcr die Verwendung kompatibler Headsets oder WiFi-USB Sticks. F\u00fcr eine bestm\u00f6gliche Leistung wird eine Netzwerkverbindung \u00fcber den Gigabit-Ethernet-LAN Port hergestellt, \u00fcber den das Snom D345 auch mit der n\u00f6tigen Energie versorgt werden kann.<\/p>\n<\/div>\n<ul>\n<li>12 selbstbeschriftende LED-Tasten<\/li>\n<li>Hochaufl\u00f6sendes grafisches Display<\/li>\n<li>2-Port Gigabit Ethernet-Switch (RJ45)<\/li>\n<li>USB-Anschluss geeignet f\u00fcr kompatible Headsets und WiFi-Sticks<\/li>\n<li>Sensor-Gabelumschalter<\/li>\n<li>12 SIP-Identit\u00e4ten<\/li>\n<\/ul>\n","protected":false},"excerpt":{"rendered":"<p>IP-Tischtelefon<\/p>\n<p><a href=\"https:\/\/www.ipcom-gmbh.de\/wp-content\/uploads\/Datasheets\/Snom-D345-IPCOM-Datenblatt.pdf\">Download Datenblatt<\/a><\/p>\n","protected":false},"featured_media":3800,"template":"","meta":[],"product_brand":[],"product_cat":[157],"product_tag":[],"class_list":{"0":"post-3767","1":"product","2":"type-product","3":"status-publish","4":"has-post-thumbnail","6":"product_cat-snom-ip-tischtelefone","8":"first","9":"instock","10":"taxable","11":"shipping-taxable","12":"product-type-simple"},"_links":{"self":[{"href":"https:\/\/www.ipcom-gmbh.de\/index.php\/wp-json\/wp\/v2\/product\/3767","targetHints":{"allow":["GET"]}}],"collection":[{"href":"https:\/\/www.ipcom-gmbh.de\/index.php\/wp-json\/wp\/v2\/product"}],"about":[{"href":"https:\/\/www.ipcom-gmbh.de\/index.php\/wp-json\/wp\/v2\/types\/product"}],"wp:featuredmedia":[{"embeddable":true,"href":"https:\/\/www.ipcom-gmbh.de\/index.php\/wp-json\/wp\/v2\/media\/3800"}],"wp:attachment":[{"href":"https:\/\/www.ipcom-gmbh.de\/index.php\/wp-json\/wp\/v2\/media?parent=3767"}],"wp:term":[{"taxonomy":"product_brand","embeddable":true,"href":"https:\/\/www.ipcom-gmbh.de\/index.php\/wp-json\/wp\/v2\/product_brand?post=3767"},{"taxonomy":"product_cat","embeddable":true,"href":"https:\/\/www.ipcom-gmbh.de\/index.php\/wp-json\/wp\/v2\/product_cat?post=3767"},{"taxonomy":"product_tag","embeddable":true,"href":"https:\/\/www.ipcom-gmbh.de\/index.php\/wp-json\/wp\/v2\/product_tag?post=3767"}],"curies":[{"name":"wp","href":"https:\/\/api.w.org\/{rel}","templated":true}]}}